{"id":616,"date":"2024-08-10T07:32:26","date_gmt":"2024-08-10T07:32:26","guid":{"rendered":"https:\/\/startersites.io\/elementor\/consultant\/?page_id=616"},"modified":"2025-09-19T20:41:57","modified_gmt":"2025-09-19T18:41:57","slug":"o-nas","status":"publish","type":"page","link":"https:\/\/pft.umk.pl\/nbo\/o-nas\/","title":{"rendered":"O nas"},"content":{"rendered":"\t\t<div data-elementor-type=\"wp-page\" data-elementor-id=\"616\" class=\"elementor elementor-616\">\n\t\t\t\t<div class=\"elementor-element elementor-element-dac73d6 e-flex e-con-boxed wpr-particle-no wpr-jarallax-no wpr-parallax-no wpr-sticky-section-no e-con e-parent\" data-id=\"dac73d6\" data-element_type=\"container\">\n\t\t\t\t\t<div class=\"e-con-inner\">\n\t\t<div class=\"elementor-element elementor-element-98757a1 e-con-full e-flex wpr-particle-no wpr-jarallax-no wpr-parallax-no wpr-sticky-section-no e-con e-child\" data-id=\"98757a1\" data-element_type=\"container\" data-settings=\"{&quot;background_background&quot;:&quot;classic&quot;}\">\n\t\t<div class=\"elementor-element elementor-element-a774334 e-con-full e-flex wpr-particle-no wpr-jarallax-no wpr-parallax-no wpr-sticky-section-no e-con e-child\" data-id=\"a774334\" data-element_type=\"container\" data-settings=\"{&quot;position&quot;:&quot;absolute&quot;}\">\n\t\t\t\t<div class=\"elementor-element elementor-element-eb50c6c elementor-absolute elementor-view-default elementor-widget elementor-widget-icon\" data-id=\"eb50c6c\" data-element_type=\"widget\" data-settings=\"{&quot;_position&quot;:&quot;absolute&quot;}\" data-widget_type=\"icon.default\">\n\t\t\t\t\t\t\t<div class=\"elementor-icon-wrapper\">\n\t\t\t<div class=\"elementor-icon\">\n\t\t\t\t\t\t<\/div>\n\t\t<\/div>\n\t\t\t\t\t\t<\/div>\n\t\t\t\t<div class=\"elementor-element elementor-element-68d9b2a elementor-absolute elementor-view-default elementor-widget elementor-widget-icon\" data-id=\"68d9b2a\" data-element_type=\"widget\" data-settings=\"{&quot;_position&quot;:&quot;absolute&quot;}\" data-widget_type=\"icon.default\">\n\t\t\t\t\t\t\t<div class=\"elementor-icon-wrapper\">\n\t\t\t<div class=\"elementor-icon\">\n\t\t\t\t\t\t<\/div>\n\t\t<\/div>\n\t\t\t\t\t\t<\/div>\n\t\t\t\t<div class=\"elementor-element elementor-element-e89eb3c elementor-absolute elementor-view-default elementor-widget elementor-widget-icon\" data-id=\"e89eb3c\" data-element_type=\"widget\" data-settings=\"{&quot;_position&quot;:&quot;absolute&quot;}\" data-widget_type=\"icon.default\">\n\t\t\t\t\t\t\t<div class=\"elementor-icon-wrapper\">\n\t\t\t<div class=\"elementor-icon\">\n\t\t\t\t\t\t<\/div>\n\t\t<\/div>\n\t\t\t\t\t\t<\/div>\n\t\t\t\t<\/div>\n\t\t<div class=\"elementor-element elementor-element-42f2e8f e-con-full e-flex wpr-particle-no wpr-jarallax-no wpr-parallax-no wpr-sticky-section-no e-con e-child\" data-id=\"42f2e8f\" data-element_type=\"container\">\n\t\t\t\t<div class=\"elementor-element elementor-element-f9dd88d elementor-widget elementor-widget-shortcode\" data-id=\"f9dd88d\" data-element_type=\"widget\" data-widget_type=\"shortcode.default\">\n\t\t\t\t\t\t\t<div class=\"elementor-shortcode\"><\/div>\n\t\t\t\t\t\t<\/div>\n\t\t\t\t<div class=\"elementor-element elementor-element-32d8186 elementor-widget elementor-widget-heading\" data-id=\"32d8186\" data-element_type=\"widget\" data-widget_type=\"heading.default\">\n\t\t\t\t\t<h1 class=\"elementor-heading-title elementor-size-default\">O nas<\/h1>\t\t\t\t<\/div>\n\t\t\t\t<\/div>\n\t\t<div class=\"elementor-element elementor-element-45eace9 e-con-full e-flex wpr-particle-no wpr-jarallax-no wpr-parallax-no wpr-sticky-section-no e-con e-child\" data-id=\"45eace9\" data-element_type=\"container\">\n\t\t\t\t<div class=\"elementor-element elementor-element-48de181 elementor-widget elementor-widget-image\" data-id=\"48de181\" data-element_type=\"widget\" data-widget_type=\"image.default\">\n\t\t\t\t\t\t\t\t\t\t\t\t\t\t\t<img fetchpriority=\"high\" decoding=\"async\" width=\"760\" height=\"1200\" src=\"https:\/\/pft.umk.pl\/nbo\/wp-content\/uploads\/2025\/09\/pft-nbo-o-nas-hero-head.webp\" class=\"attachment-full size-full wp-image-1653\" alt=\"\" srcset=\"https:\/\/pft.umk.pl\/nbo\/wp-content\/uploads\/2025\/09\/pft-nbo-o-nas-hero-head.webp 760w, https:\/\/pft.umk.pl\/nbo\/wp-content\/uploads\/2025\/09\/pft-nbo-o-nas-hero-head-600.webp 600w, https:\/\/pft.umk.pl\/nbo\/wp-content\/uploads\/2025\/09\/pft-nbo-o-nas-hero-head-300.webp 300w, https:\/\/pft.umk.pl\/nbo\/wp-content\/uploads\/2025\/09\/pft-nbo-o-nas-hero-head-150x150.webp 150w\" sizes=\"(max-width: 760px) 100vw, 760px\" \/>\t\t\t\t\t\t\t\t\t\t\t\t\t\t\t<\/div>\n\t\t\t\t<\/div>\n\t\t\t\t<\/div>\n\t\t\t\t\t<\/div>\n\t\t\t\t<\/div>\n\t\t<div class=\"elementor-element elementor-element-aad73e5 e-flex e-con-boxed wpr-particle-no wpr-jarallax-no wpr-parallax-no wpr-sticky-section-no e-con e-parent\" data-id=\"aad73e5\" data-element_type=\"container\">\n\t\t\t\t\t<div class=\"e-con-inner\">\n\t\t\t\t<div class=\"elementor-element elementor-element-78713d0 elementor-widget elementor-widget-text-editor\" data-id=\"78713d0\" data-element_type=\"widget\" data-widget_type=\"text-editor.default\">\n\t\t\t\t\t\t\t\t\t<p data-start=\"3543\" data-end=\"3783\">\u017byjemy w epoce, w kt\u00f3rej informacje s\u0105 \u0142atwo dost\u0119pne, ale brakuje czasu na ich zrozumienie. \u0141atwo ulegamy iluzji, \u017ce szybki dost\u0119p do tre\u015bci oznacza wiedz\u0119. Tymczasem coraz trudniej nam si\u0119 zatrzyma\u0107 i wej\u015b\u0107 w g\u0142\u0119bszy dialog z rzeczywisto\u015bci\u0105.<\/p><p data-start=\"3785\" data-end=\"4011\">\u201eNa Barkach Olbrzym\u00f3w\u201d to odpowied\u017a na ten kryzys. Nie negujemy technologii \u2013 korzystamy z niej \u015bwiadomie, by tworzy\u0107 przestrze\u0144, w kt\u00f3rej wa\u017cniejsze jest pytanie ni\u017c szybka odpowied\u017a, refleksja ni\u017c kolejne powiadomienie.<\/p>\t\t\t\t\t\t\t\t<\/div>\n\t\t\t\t\t<\/div>\n\t\t\t\t<\/div>\n\t\t<div class=\"elementor-element elementor-element-9232250 e-flex e-con-boxed wpr-particle-no wpr-jarallax-no wpr-parallax-no wpr-sticky-section-no e-con e-parent\" data-id=\"9232250\" data-element_type=\"container\">\n\t\t\t\t\t<div class=\"e-con-inner\">\n\t\t<div class=\"elementor-element elementor-element-c12f019 e-con-full e-flex wpr-particle-no wpr-jarallax-no wpr-parallax-no wpr-sticky-section-no e-con e-child\" data-id=\"c12f019\" data-element_type=\"container\" data-settings=\"{&quot;background_background&quot;:&quot;classic&quot;}\">\n\t\t\t\t<\/div>\n\t\t\t\t\t<\/div>\n\t\t\t\t<\/div>\n\t\t<div class=\"elementor-element elementor-element-4be7f11 e-flex e-con-boxed wpr-particle-no wpr-jarallax-no wpr-parallax-no wpr-sticky-section-no e-con e-parent\" data-id=\"4be7f11\" data-element_type=\"container\">\n\t\t\t\t\t<div class=\"e-con-inner\">\n\t\t<div class=\"elementor-element elementor-element-5f0cac1 e-con-full e-flex wpr-particle-no wpr-jarallax-no wpr-parallax-no wpr-sticky-section-no e-con e-child\" data-id=\"5f0cac1\" data-element_type=\"container\" data-settings=\"{&quot;background_background&quot;:&quot;classic&quot;}\">\n\t\t\t\t<\/div>\n\t\t<div class=\"elementor-element elementor-element-898ad09 e-con-full e-flex wpr-particle-no wpr-jarallax-no wpr-parallax-no wpr-sticky-section-no e-con e-child\" data-id=\"898ad09\" data-element_type=\"container\">\n\t\t\t\t<div class=\"elementor-element elementor-element-6868f27 elementor-widget elementor-widget-text-editor\" data-id=\"6868f27\" data-element_type=\"widget\" data-widget_type=\"text-editor.default\">\n\t\t\t\t\t\t\t\t\t<p>Nasza filozofia<\/p>\t\t\t\t\t\t\t\t<\/div>\n\t\t\t\t<div class=\"elementor-element elementor-element-10f0f74 elementor-widget elementor-widget-heading\" data-id=\"10f0f74\" data-element_type=\"widget\" data-widget_type=\"heading.default\">\n\t\t\t\t\t<h2 class=\"elementor-heading-title elementor-size-default\">Edukacja jako wsp\u00f3lne odkrywanie<\/h2>\t\t\t\t<\/div>\n\t\t\t\t<div class=\"elementor-element elementor-element-1bbc959 elementor-widget elementor-widget-text-editor\" data-id=\"1bbc959\" data-element_type=\"widget\" data-widget_type=\"text-editor.default\">\n\t\t\t\t\t\t\t\t\t<p data-start=\"4038\" data-end=\"4266\">Wierzymy, \u017ce edukacja nie polega na przekazywaniu gotowych informacji. To proces wsp\u00f3lnego poszukiwania, kt\u00f3ry wymaga wysi\u0142ku i otwarto\u015bci. Inspiruje nas tradycja sokratejska: pytanie, dialog i stopniowe dochodzenie do prawdy.<\/p><p data-start=\"4268\" data-end=\"4492\">Na seminariach nie ma podzia\u0142u na \u201eeksperta\u201d i \u201eucznia\u201d. Ka\u017cdy uczestnik mierzy si\u0119 z tekstem, stawia w\u0142asne pytania i proponuje interpretacje. Moderator towarzyszy w tym procesie, ale nie narzuca jednego sposobu my\u015blenia.<\/p>\t\t\t\t\t\t\t\t<\/div>\n\t\t\t\t<\/div>\n\t\t\t\t\t<\/div>\n\t\t\t\t<\/div>\n\t\t<div class=\"elementor-element elementor-element-f7e1b08 e-flex e-con-boxed wpr-particle-no wpr-jarallax-no wpr-parallax-no wpr-sticky-section-no e-con e-parent\" data-id=\"f7e1b08\" data-element_type=\"container\">\n\t\t\t\t\t<div class=\"e-con-inner\">\n\t\t<div class=\"elementor-element elementor-element-71703b8 e-con-full e-flex wpr-particle-no wpr-jarallax-no wpr-parallax-no wpr-sticky-section-no e-con e-child\" data-id=\"71703b8\" data-element_type=\"container\">\n\t\t\t\t<div class=\"elementor-element elementor-element-71d37d8 elementor-widget elementor-widget-text-editor\" data-id=\"71d37d8\" data-element_type=\"widget\" data-widget_type=\"text-editor.default\">\n\t\t\t\t\t\t\t\t\t<p>Nasza wsp\u00f3lnota<\/p>\t\t\t\t\t\t\t\t<\/div>\n\t\t\t\t<div class=\"elementor-element elementor-element-57214aa elementor-widget elementor-widget-heading\" data-id=\"57214aa\" data-element_type=\"widget\" data-widget_type=\"heading.default\">\n\t\t\t\t\t<h2 class=\"elementor-heading-title elementor-size-default\">Rozmowa zamiast podzia\u0142\u00f3w<\/h2>\t\t\t\t<\/div>\n\t\t\t\t<\/div>\n\t\t<div class=\"elementor-element elementor-element-779a723 e-con-full e-flex wpr-particle-no wpr-jarallax-no wpr-parallax-no wpr-sticky-section-no e-con e-child\" data-id=\"779a723\" data-element_type=\"container\">\n\t\t\t\t<\/div>\n\t\t\t\t\t<\/div>\n\t\t\t\t<\/div>\n\t\t<div class=\"elementor-element elementor-element-72e79f6 e-flex e-con-boxed wpr-particle-no wpr-jarallax-no wpr-parallax-no wpr-sticky-section-no e-con e-parent\" data-id=\"72e79f6\" data-element_type=\"container\">\n\t\t\t\t\t<div class=\"e-con-inner\">\n\t\t<div class=\"elementor-element elementor-element-5b701b3 e-con-full e-flex wpr-particle-no wpr-jarallax-no wpr-parallax-no wpr-sticky-section-no e-con e-child\" data-id=\"5b701b3\" data-element_type=\"container\">\n\t\t\t\t<div class=\"elementor-element elementor-element-9a226f3 elementor-widget elementor-widget-text-editor\" data-id=\"9a226f3\" data-element_type=\"widget\" data-widget_type=\"text-editor.default\">\n\t\t\t\t\t\t\t\t\t<p style=\"font-style: normal; font-variant-caps: normal; caret-color: #000000; color: #000000;\" data-start=\"4519\" data-end=\"4711\">Tworzymy przestrze\u0144 dla ludzi z r\u00f3\u017cnych \u015brodowisk: student\u00f3w, nauczycieli, lekarzy, programist\u00f3w, rodzic\u00f3w. Wiek i zaw\u00f3d nie maj\u0105 znaczenia \u2013 liczy si\u0119 ch\u0119\u0107 rozmowy i otwarto\u015b\u0107 na spotkanie.<\/p><p style=\"font-style: normal; font-variant-caps: normal; caret-color: #000000; color: #000000;\" data-start=\"4713\" data-end=\"4932\">Wsp\u00f3lne czytanie i dyskusja nie tylko rozwijaj\u0105 intelektualnie, ale te\u017c buduj\u0105 wi\u0119\u017a. Z czasem seminarium staje si\u0119 wsp\u00f3lnot\u0105 \u2013 miejscem, gdzie spotyka si\u0119 nie tylko idee, ale te\u017c ludzie, kt\u00f3rzy nawzajem si\u0119 inspiruj\u0105.<\/p>\t\t\t\t\t\t\t\t<\/div>\n\t\t\t\t<\/div>\n\t\t<div class=\"elementor-element elementor-element-6ce6153 e-con-full e-flex wpr-particle-no wpr-jarallax-no wpr-parallax-no wpr-sticky-section-no e-con e-child\" data-id=\"6ce6153\" data-element_type=\"container\">\n\t\t\t\t<div class=\"elementor-element elementor-element-65cbae5 elementor-widget elementor-widget-image\" data-id=\"65cbae5\" data-element_type=\"widget\" data-widget_type=\"image.default\">\n\t\t\t\t\t\t\t\t\t\t\t\t\t\t\t<img decoding=\"async\" width=\"500\" height=\"400\" src=\"https:\/\/pft.umk.pl\/nbo\/wp-content\/uploads\/2025\/09\/pft-nbo-dyskusja-lewa.webp\" class=\"attachment-full size-full wp-image-1657\" alt=\"\" srcset=\"https:\/\/pft.umk.pl\/nbo\/wp-content\/uploads\/2025\/09\/pft-nbo-dyskusja-lewa.webp 500w, https:\/\/pft.umk.pl\/nbo\/wp-content\/uploads\/2025\/09\/pft-nbo-dyskusja-lewa-300.webp 300w, https:\/\/pft.umk.pl\/nbo\/wp-content\/uploads\/2025\/09\/pft-nbo-dyskusja-lewa-150x150.webp 150w\" sizes=\"(max-width: 500px) 100vw, 500px\" \/>\t\t\t\t\t\t\t\t\t\t\t\t\t\t\t<\/div>\n\t\t\t\t<\/div>\n\t\t<div class=\"elementor-element elementor-element-18cc376 e-con-full e-flex wpr-particle-no wpr-jarallax-no wpr-parallax-no wpr-sticky-section-no e-con e-child\" data-id=\"18cc376\" data-element_type=\"container\">\n\t\t\t\t<div class=\"elementor-element elementor-element-c70d29d elementor-widget elementor-widget-image\" data-id=\"c70d29d\" data-element_type=\"widget\" data-widget_type=\"image.default\">\n\t\t\t\t\t\t\t\t\t\t\t\t\t\t\t<img decoding=\"async\" width=\"500\" height=\"400\" src=\"https:\/\/pft.umk.pl\/nbo\/wp-content\/uploads\/2025\/09\/pft-nbo-dyskusja-prawa.webp\" class=\"attachment-full size-full wp-image-1658\" alt=\"\" srcset=\"https:\/\/pft.umk.pl\/nbo\/wp-content\/uploads\/2025\/09\/pft-nbo-dyskusja-prawa.webp 500w, https:\/\/pft.umk.pl\/nbo\/wp-content\/uploads\/2025\/09\/pft-nbo-dyskusja-prawa-300.webp 300w, https:\/\/pft.umk.pl\/nbo\/wp-content\/uploads\/2025\/09\/pft-nbo-dyskusja-prawa-150x150.webp 150w\" sizes=\"(max-width: 500px) 100vw, 500px\" \/>\t\t\t\t\t\t\t\t\t\t\t\t\t\t\t<\/div>\n\t\t\t\t<\/div>\n\t\t\t\t\t<\/div>\n\t\t\t\t<\/div>\n\t\t<div class=\"elementor-element elementor-element-ae991ee e-flex e-con-boxed wpr-particle-no wpr-jarallax-no wpr-parallax-no wpr-sticky-section-no e-con e-parent\" data-id=\"ae991ee\" data-element_type=\"container\">\n\t\t\t\t\t<div class=\"e-con-inner\">\n\t\t<div class=\"elementor-element elementor-element-e67eba6 e-con-full e-flex wpr-particle-no wpr-jarallax-no wpr-parallax-no wpr-sticky-section-no e-con e-child\" data-id=\"e67eba6\" data-element_type=\"container\">\n\t\t\t\t<div class=\"elementor-element elementor-element-858ea92 elementor-widget elementor-widget-text-editor\" data-id=\"858ea92\" data-element_type=\"widget\" data-widget_type=\"text-editor.default\">\n\t\t\t\t\t\t\t\t\t<p>Nasza wizja<\/p>\t\t\t\t\t\t\t\t<\/div>\n\t\t\t\t<div class=\"elementor-element elementor-element-bcf6e09 elementor-widget elementor-widget-heading\" data-id=\"bcf6e09\" data-element_type=\"widget\" data-widget_type=\"heading.default\">\n\t\t\t\t\t<h2 class=\"elementor-heading-title elementor-size-default\">Przysz\u0142o\u015b\u0107 rodzi si\u0119 w dialogu<\/h2>\t\t\t\t<\/div>\n\t\t\t\t<div class=\"elementor-element elementor-element-c53d246 elementor-widget elementor-widget-text-editor\" data-id=\"c53d246\" data-element_type=\"widget\" data-widget_type=\"text-editor.default\">\n\t\t\t\t\t\t\t\t\t<p data-start=\"4038\" data-end=\"4266\">Wierzymy, \u017ce powr\u00f3t do wielkich tekst\u00f3w to nie ucieczka w przesz\u0142o\u015b\u0107, ale spos\u00f3b na lepsze rozumienie tera\u017aniejszo\u015bci. Marzymy o \u015bwiecie, w kt\u00f3rym pog\u0142\u0119biona refleksja i dialog s\u0105 dost\u0119pne dla ka\u017cdego, a nie tylko dla nielicznych akademik\u00f3w.<\/p><p data-start=\"4038\" data-end=\"4266\"><span style=\"font-family: inherit; font-size: inherit; font-style: inherit; font-variant-caps: inherit; text-align: var(--text-align); letter-spacing: var(--theme-letter-spacing); text-transform: var(--theme-text-transform); text-decoration: var(--theme-text-decoration);\">Chcemy, aby nasze seminaria inspirowa\u0142y do podobnych inicjatyw, tworz\u0105c og\u00f3lnopolsk\u0105 sie\u0107 ludzi czytaj\u0105cych i my\u015bl\u0105cych razem. Powr\u00f3t do wielkich tekst\u00f3w to dla nas nie nostalgia, lecz spos\u00f3b, by lepiej rozumie\u0107 tera\u017aniejszo\u015b\u0107 i odpowiedzialnie budowa\u0107 przysz\u0142o\u015b\u0107.<\/span><\/p>\t\t\t\t\t\t\t\t<\/div>\n\t\t\t\t<\/div>\n\t\t<div class=\"elementor-element elementor-element-480bb19 e-con-full e-flex wpr-particle-no wpr-jarallax-no wpr-parallax-no wpr-sticky-section-no e-con e-child\" data-id=\"480bb19\" data-element_type=\"container\" data-settings=\"{&quot;background_background&quot;:&quot;classic&quot;}\">\n\t\t\t\t<\/div>\n\t\t\t\t\t<\/div>\n\t\t\t\t<\/div>\n\t\t\t\t<\/div>\n\t\t","protected":false},"excerpt":{"rendered":"<p>O nas \u017byjemy w epoce, w kt\u00f3rej informacje s\u0105 \u0142atwo dost\u0119pne, ale brakuje czasu na ich zrozumienie. \u0141atwo ulegamy iluzji, \u017ce szybki dost\u0119p do tre\u015bci oznacza wiedz\u0119. Tymczasem coraz trudniej nam si\u0119 zatrzyma\u0107 i wej\u015b\u0107 w g\u0142\u0119bszy dialog z rzeczywisto\u015bci\u0105. \u201eNa Barkach Olbrzym\u00f3w\u201d to odpowied\u017a na ten kryzys. Nie negujemy technologii \u2013 korzystamy z niej \u015bwiadomie, by tworzy\u0107 przestrze\u0144, w kt\u00f3rej wa\u017cniejsze jest pytanie ni\u017c szybka odpowied\u017a, refleksja ni\u017c kolejne powiadomienie. Nasza filozofia Edukacja jako wsp\u00f3lne odkrywanie Wierzymy, \u017ce edukacja nie polega na przekazywaniu gotowych informacji. To proces wsp\u00f3lnego poszukiwania, kt\u00f3ry wymaga wysi\u0142ku i otwarto\u015bci. Inspiruje nas tradycja sokratejska: pytanie, dialog i stopniowe dochodzenie do prawdy. Na seminariach nie ma podzia\u0142u na \u201eeksperta\u201d i \u201eucznia\u201d. Ka\u017cdy uczestnik mierzy si\u0119 z tekstem, stawia w\u0142asne pytania i proponuje interpretacje. Moderator towarzyszy w tym procesie, ale nie narzuca jednego sposobu my\u015blenia. Nasza wsp\u00f3lnota Rozmowa zamiast podzia\u0142\u00f3w Tworzymy przestrze\u0144 dla ludzi z r\u00f3\u017cnych \u015brodowisk: student\u00f3w, nauczycieli, lekarzy, programist\u00f3w, rodzic\u00f3w. Wiek i zaw\u00f3d nie maj\u0105 znaczenia \u2013 liczy si\u0119 ch\u0119\u0107 rozmowy i otwarto\u015b\u0107 na spotkanie. Wsp\u00f3lne czytanie i dyskusja nie tylko rozwijaj\u0105 intelektualnie, ale te\u017c buduj\u0105 wi\u0119\u017a. Z czasem seminarium staje si\u0119 wsp\u00f3lnot\u0105 \u2013 miejscem, gdzie spotyka si\u0119 nie tylko idee, ale te\u017c ludzie, kt\u00f3rzy nawzajem si\u0119 inspiruj\u0105. Nasza wizja Przysz\u0142o\u015b\u0107 rodzi si\u0119 w dialogu Wierzymy, \u017ce powr\u00f3t do wielkich tekst\u00f3w to nie ucieczka w przesz\u0142o\u015b\u0107, ale spos\u00f3b na lepsze rozumienie tera\u017aniejszo\u015bci. Marzymy o \u015bwiecie, w kt\u00f3rym pog\u0142\u0119biona refleksja i dialog s\u0105 dost\u0119pne dla ka\u017cdego, a nie tylko dla nielicznych akademik\u00f3w. Chcemy, aby nasze seminaria inspirowa\u0142y do podobnych inicjatyw, tworz\u0105c og\u00f3lnopolsk\u0105 sie\u0107 ludzi czytaj\u0105cych i my\u015bl\u0105cych razem. Powr\u00f3t do wielkich tekst\u00f3w to dla nas nie nostalgia, lecz spos\u00f3b, by lepiej rozumie\u0107 tera\u017aniejszo\u015b\u0107 i odpowiedzialnie budowa\u0107 przysz\u0142o\u015b\u0107.<\/p>\n","protected":false},"author":1,"featured_media":0,"parent":0,"menu_order":0,"comment_status":"closed","ping_status":"closed","template":"","meta":{"footnotes":""},"class_list":["post-616","page","type-page","status-publish","hentry"],"blocksy_meta":{"has_hero_section":"disabled","styles_descriptor":{"styles":{"desktop":"","tablet":"","mobile":""},"google_fonts":[],"version":6}},"_links":{"self":[{"href":"https:\/\/pft.umk.pl\/nbo\/wp-json\/wp\/v2\/pages\/616","targetHints":{"allow":["GET"]}}],"collection":[{"href":"https:\/\/pft.umk.pl\/nbo\/wp-json\/wp\/v2\/pages"}],"about":[{"href":"https:\/\/pft.umk.pl\/nbo\/wp-json\/wp\/v2\/types\/page"}],"author":[{"embeddable":true,"href":"https:\/\/pft.umk.pl\/nbo\/wp-json\/wp\/v2\/users\/1"}],"replies":[{"embeddable":true,"href":"https:\/\/pft.umk.pl\/nbo\/wp-json\/wp\/v2\/comments?post=616"}],"version-history":[{"count":5,"href":"https:\/\/pft.umk.pl\/nbo\/wp-json\/wp\/v2\/pages\/616\/revisions"}],"predecessor-version":[{"id":1669,"href":"https:\/\/pft.umk.pl\/nbo\/wp-json\/wp\/v2\/pages\/616\/revisions\/1669"}],"wp:attachment":[{"href":"https:\/\/pft.umk.pl\/nbo\/wp-json\/wp\/v2\/media?parent=616"}],"curies":[{"name":"wp","href":"https:\/\/api.w.org\/{rel}","templated":true}]}}